{"id":6337,"date":"2022-04-25T23:11:18","date_gmt":"2022-04-25T20:11:18","guid":{"rendered":"http:\/\/teya.com.tr\/?page_id=6337"},"modified":"2022-06-20T10:17:19","modified_gmt":"2022-06-20T07:17:19","slug":"surdurulebilirlik","status":"publish","type":"page","link":"https:\/\/teya.com.tr\/tr\/surdurulebilirlik\/","title":{"rendered":"S\u00fcrd\u00fcr\u00fclebilirlik"},"content":{"rendered":"[vc_row type=&#8221;in_container&#8221; full_screen_row_position=&#8221;middle&#8221; column_margin=&#8221;default&#8221; column_direction=&#8221;default&#8221; column_direction_tablet=&#8221;default&#8221; column_direction_phone=&#8221;default&#8221; scene_position=&#8221;center&#8221; top_padding=&#8221;5%&#8221; bottom_padding=&#8221;5%&#8221; text_color=&#8221;dark&#8221; text_align=&#8221;left&#8221; row_border_radius=&#8221;none&#8221; row_border_radius_applies=&#8221;bg&#8221; overflow=&#8221;visible&#8221; advanced_gradient_angle=&#8221;0&#8243; overlay_strength=&#8221;0.3&#8243; gradient_direction=&#8221;left_to_right&#8221; shape_divider_position=&#8221;bottom&#8221; bg_image_animation=&#8221;none&#8221; gradient_type=&#8221;default&#8221; shape_type=&#8221;&#8221;][vc_column column_padding=&#8221;padding-2-percent&#8221; column_padding_tablet=&#8221;inherit&#8221; column_padding_phone=&#8221;inherit&#8221; column_padding_position=&#8221;all&#8221; column_element_spacing=&#8221;default&#8221; centered_text=&#8221;true&#8221; background_color_opacity=&#8221;1&#8243; background_hover_color_opacity=&#8221;1&#8243; column_shadow=&#8221;medium_depth&#8221; column_border_radius=&#8221;10px&#8221; column_link_target=&#8221;_self&#8221; column_position=&#8221;default&#8221; boxed=&#8221;true&#8221; advanced_gradient_angle=&#8221;0&#8243; gradient_direction=&#8221;left_to_right&#8221; overlay_strength=&#8221;0.3&#8243; width=&#8221;1\/1&#8243; tablet_width_inherit=&#8221;default&#8221; tablet_text_alignment=&#8221;default&#8221; phone_text_alignment=&#8221;default&#8221; animation_type=&#8221;default&#8221; bg_image_animation=&#8221;none&#8221; border_type=&#8221;simple&#8221; column_border_width=&#8221;none&#8221; gradient_type=&#8221;default&#8221;][vc_column_text]\n<p style=\"text-align: justify;\">Teya Tekstil olarak, s\u00fcrd\u00fcr\u00fclebilir bir \u00e7evre politikas\u0131na destekte bulunman\u0131n yan\u0131 s\u0131ra, ya\u015fanabilir ve do\u011faya sayg\u0131l\u0131 bir d\u00fcnyaya katk\u0131 sa\u011fl\u0131yoruz. Bu anlamda, yaln\u0131zca \u00fcretim a\u015famas\u0131nda de\u011fil, ayn\u0131 zamanda enerji kaynaklar\u0131n\u0131n kullan\u0131m\u0131nda da s\u00fcrd\u00fcr\u00fclebilir ve \u00e7evreye sayg\u0131l\u0131 bir misyon benimsiyoruz. \u00c7evreye sayg\u0131y\u0131 i\u015fimizin her alan\u0131nda \u00f6nemsiyor ve t\u00fcm \u00e7al\u0131\u015fanlar\u0131m\u0131z dahil olmak \u00fczere, do\u011fam\u0131z\u0131 koruyan ve gelece\u011fe katk\u0131da bulunan bir firma olmaktan gurur duyuyoruz. B\u00f6ylelikle, daha g\u00fczel yar\u0131nlara ad\u0131m atabilmek amac\u0131yla gelece\u011fimizi bug\u00fcnden in\u015fa ediyor, hem yerel hem de k\u00fcresel anlamda s\u00fcrd\u00fcr\u00fclebilirlik politikalar\u0131n\u0131 yak\u0131ndan takip ederek destekliyoruz.<\/p>\n<p style=\"text-align: justify;\">Do\u011faya sayg\u0131 ve \u00e7evremiz i\u00e7in inovatif \u00e7\u00f6z\u00fcmlerimizle s\u00fcrd\u00fcr\u00fclebilirli\u011fi Teya Tekstil\u2019in bir k\u00fclt\u00fcr\u00fc olarak benimsedik. Bu anlamda, t\u00fcm faaliyetlerimizden kaynaklanan karbondioksit sal\u0131n\u0131m\u0131m\u0131z\u0131 en aza indirebilmek ad\u0131na d\u00fczenli bir \u015fekilde karbon ayak izimizi hesaplayarak \u00e7evreye duyarl\u0131 bir firma olman\u0131n verdi\u011fi gururu ya\u015f\u0131yoruz. S\u00fcrd\u00fcr\u00fclebilir bir d\u00fcnyaya en b\u00fcy\u00fck katk\u0131y\u0131 sa\u011flayabilmek ad\u0131na, Teya Tekstil&#8217;e\u00a0 katma de\u011fer sa\u011flayan t\u00fcm \u00e7al\u0131\u015fanlar\u0131m\u0131z ile birlikte, gelece\u011fe ye\u015fil bir d\u00fcnya b\u0131rakmak i\u00e7in gereken hassasiyeti g\u00f6steriyoruz.<\/p>\n[\/vc_column_text][image_with_animation image_url=&#8221;6371&#8243; image_size=&#8221;full&#8221; animation_type=&#8221;entrance&#8221; animation=&#8221;Fade In&#8221; hover_animation=&#8221;none&#8221; alignment=&#8221;&#8221; border_radius=&#8221;none&#8221; box_shadow=&#8221;none&#8221; image_loading=&#8221;default&#8221; max_width=&#8221;100%&#8221; max_width_mobile=&#8221;default&#8221;][image_with_animation image_url=&#8221;6373&#8243; image_size=&#8221;full&#8221; animation_type=&#8221;entrance&#8221; animation=&#8221;Fade In&#8221; hover_animation=&#8221;none&#8221; alignment=&#8221;center&#8221; border_radius=&#8221;none&#8221; box_shadow=&#8221;none&#8221; image_loading=&#8221;default&#8221; max_width=&#8221;50%&#8221; max_width_mobile=&#8221;default&#8221;][vc_column_text]\n<p style=\"text-align: justify;\">Teya Tekstil, Birle\u015fmi\u015f Milletler&#8217;in S\u00fcrd\u00fcr\u00fclebilir Kalk\u0131nma Ama\u00e7lar\u0131 \u00e7al\u0131\u015fmalar\u0131n\u0131 desteklemektedir. Detayl\u0131 bilgiye a\u015fa\u011f\u0131daki butona t\u0131klayarak eri\u015febilirsiniz.<\/p>\n[\/vc_column_text][nectar_btn size=&#8221;large&#8221; open_new_tab=&#8221;true&#8221; button_style=&#8221;regular-tilt&#8221; button_color=&#8221;Accent-Color&#8221; icon_family=&#8221;none&#8221; text=&#8221;Detayl\u0131 Bilgi&#8221; url=&#8221;https:\/\/turkiye.un.org\/tr\/sdgs&#8221;][\/vc_column][\/vc_row]\n","protected":false},"excerpt":{"rendered":"<p>[vc_row type=&#8221;in_container&#8221; full_screen_row_position=&#8221;middle&#8221; column_margin=&#8221;default&#8221; column_direction=&#8221;default&#8221; column_direction_tablet=&#8221;default&#8221; column_direction_phone=&#8221;default&#8221; scene_position=&#8221;center&#8221; top_padding=&#8221;5%&#8221; bottom_padding=&#8221;5%&#8221; text_color=&#8221;dark&#8221; text_align=&#8221;left&#8221; row_border_radius=&#8221;none&#8221; row_border_radius_applies=&#8221;bg&#8221; overflow=&#8221;visible&#8221;&#8230;<\/p>\n","protected":false},"author":1,"featured_media":0,"parent":0,"menu_order":0,"comment_status":"closed","ping_status":"open","template":"","meta":{"inline_featured_image":false,"footnotes":""},"_links":{"self":[{"href":"https:\/\/teya.com.tr\/tr\/wp-json\/wp\/v2\/pages\/6337"}],"collection":[{"href":"https:\/\/teya.com.tr\/tr\/wp-json\/wp\/v2\/pages"}],"about":[{"href":"https:\/\/teya.com.tr\/tr\/wp-json\/wp\/v2\/types\/page"}],"author":[{"embeddable":true,"href":"https:\/\/teya.com.tr\/tr\/wp-json\/wp\/v2\/users\/1"}],"replies":[{"embeddable":true,"href":"https:\/\/teya.com.tr\/tr\/wp-json\/wp\/v2\/comments?post=6337"}],"version-history":[{"count":11,"href":"https:\/\/teya.com.tr\/tr\/wp-json\/wp\/v2\/pages\/6337\/revisions"}],"predecessor-version":[{"id":6380,"href":"https:\/\/teya.com.tr\/tr\/wp-json\/wp\/v2\/pages\/6337\/revisions\/6380"}],"wp:attachment":[{"href":"https:\/\/teya.com.tr\/tr\/wp-json\/wp\/v2\/media?parent=6337"}],"curies":[{"name":"wp","href":"https:\/\/api.w.org\/{rel}","templated":true}]}}