{"id":6577,"date":"2023-03-10T12:41:19","date_gmt":"2023-03-10T09:41:19","guid":{"rendered":"http:\/\/teya.com.tr\/?page_id=6577"},"modified":"2023-03-10T12:45:02","modified_gmt":"2023-03-10T09:45:02","slug":"kalite-politikasi","status":"publish","type":"page","link":"https:\/\/teya.com.tr\/tr\/kalite-politikasi\/","title":{"rendered":"Kalite Politikas\u0131"},"content":{"rendered":"[vc_row type=&#8221;in_container&#8221; full_screen_row_position=&#8221;middle&#8221; column_margin=&#8221;default&#8221; column_direction=&#8221;default&#8221; column_direction_tablet=&#8221;default&#8221; column_direction_phone=&#8221;default&#8221; scene_position=&#8221;center&#8221; top_padding=&#8221;5%&#8221; bottom_padding=&#8221;5%&#8221; text_color=&#8221;dark&#8221; text_align=&#8221;left&#8221; row_border_radius=&#8221;none&#8221; row_border_radius_applies=&#8221;bg&#8221; overflow=&#8221;visible&#8221; advanced_gradient_angle=&#8221;0&#8243; overlay_strength=&#8221;0.3&#8243; gradient_direction=&#8221;left_to_right&#8221; shape_divider_position=&#8221;bottom&#8221; bg_image_animation=&#8221;none&#8221; gradient_type=&#8221;default&#8221; shape_type=&#8221;&#8221;][vc_column column_padding=&#8221;padding-2-percent&#8221; column_padding_tablet=&#8221;inherit&#8221; column_padding_phone=&#8221;inherit&#8221; column_padding_position=&#8221;all&#8221; column_element_spacing=&#8221;default&#8221; background_color_opacity=&#8221;1&#8243; background_hover_color_opacity=&#8221;1&#8243; column_shadow=&#8221;medium_depth&#8221; column_border_radius=&#8221;10px&#8221; column_link_target=&#8221;_self&#8221; column_position=&#8221;default&#8221; boxed=&#8221;true&#8221; advanced_gradient_angle=&#8221;0&#8243; gradient_direction=&#8221;left_to_right&#8221; overlay_strength=&#8221;0.3&#8243; width=&#8221;1\/1&#8243; tablet_width_inherit=&#8221;default&#8221; tablet_text_alignment=&#8221;default&#8221; phone_text_alignment=&#8221;default&#8221; animation_type=&#8221;default&#8221; bg_image_animation=&#8221;none&#8221; border_type=&#8221;simple&#8221; column_border_width=&#8221;none&#8221; gradient_type=&#8221;default&#8221;][vc_column_text]<strong>TEYA TEKST\u0130L olarak;<\/strong><\/p>\n<p><strong>M\u00dc\u015eTER\u0130 \u0130HT\u0130YA\u00c7 VE BEKLENT\u0130LER\u0130N\u0130<\/strong><\/p>\n<ul>\n<li>Zaman\u0131nda teslim ederek,<\/li>\n<li>Uygun fiyat avantaj\u0131 sa\u011flayarak,<\/li>\n<li>\u0130nsan sa\u011fl\u0131\u011f\u0131 i\u00e7in Kaliteli \u00fcr\u00fcn sunarak kar\u015f\u0131lamak,<\/li>\n<\/ul>\n<p><strong>\u00c7ALI\u015eANLARINA VERECE\u011e\u0130 E\u011e\u0130T\u0130MLE<\/strong><\/p>\n<ul>\n<li>S\u00fcrekli geli\u015fmelerini sa\u011flamak,<\/li>\n<li>Kalite bilincini yerle\u015ftirmek,<\/li>\n<li>\u00c7al\u0131\u015fanlar\u0131n sa\u011fl\u0131\u011f\u0131 ve \u00e7evrenin korunmas\u0131 i\u00e7in maddi ve insani kaynaklar\u0131n\u0131 seferber etmek ama\u00e7lanm\u0131\u015ft\u0131r.<\/li>\n<\/ul>\n<p><strong>BU AMA\u00c7LAR DO\u011eRULTUSUNDA<\/strong><\/p>\n<ul>\n<li>Kurulu\u015f olarak, her alanda s\u00fcrekli iyile\u015fme ve geli\u015fme sa\u011flamak,<\/li>\n<li>Yapt\u0131\u011f\u0131m\u0131z i\u015fi ilk seferinde ve her seferinde do\u011fru yapmak,<\/li>\n<li>M\u00fc\u015fteri istek ve g\u00f6r\u00fc\u015flerini esas almak ve tam m\u00fc\u015fteri memnuniyetini sa\u011flamak,<\/li>\n<li>T\u00fcm \u00e7al\u0131\u015fmalar\u0131m\u0131z\u0131 standartlara ve Kalite G\u00fcvence Sistemimize uygun olarak yapmak ve bunun i\u00e7in \u00e7al\u0131\u015fanlar\u0131m\u0131za e\u011fitimler vermek.<\/li>\n<li>Teknolojik geli\u015fmelerin takibi konusunda sekt\u00f6r\u00fcnde lider olmak hedeflenmi\u015ftir.<\/li>\n<\/ul>\n[\/vc_column_text][\/vc_column][\/vc_row]\n","protected":false},"excerpt":{"rendered":"<p>[vc_row type=&#8221;in_container&#8221; full_screen_row_position=&#8221;middle&#8221; column_margin=&#8221;default&#8221; column_direction=&#8221;default&#8221; column_direction_tablet=&#8221;default&#8221; column_direction_phone=&#8221;default&#8221; scene_position=&#8221;center&#8221; top_padding=&#8221;5%&#8221; bottom_padding=&#8221;5%&#8221; text_color=&#8221;dark&#8221; text_align=&#8221;left&#8221; row_border_radius=&#8221;none&#8221; row_border_radius_applies=&#8221;bg&#8221; overflow=&#8221;visible&#8221;&#8230;<\/p>\n","protected":false},"author":1,"featured_media":0,"parent":0,"menu_order":0,"comment_status":"closed","ping_status":"open","template":"","meta":{"inline_featured_image":false,"footnotes":""},"_links":{"self":[{"href":"https:\/\/teya.com.tr\/tr\/wp-json\/wp\/v2\/pages\/6577"}],"collection":[{"href":"https:\/\/teya.com.tr\/tr\/wp-json\/wp\/v2\/pages"}],"about":[{"href":"https:\/\/teya.com.tr\/tr\/wp-json\/wp\/v2\/types\/page"}],"author":[{"embeddable":true,"href":"https:\/\/teya.com.tr\/tr\/wp-json\/wp\/v2\/users\/1"}],"replies":[{"embeddable":true,"href":"https:\/\/teya.com.tr\/tr\/wp-json\/wp\/v2\/comments?post=6577"}],"version-history":[{"count":3,"href":"https:\/\/teya.com.tr\/tr\/wp-json\/wp\/v2\/pages\/6577\/revisions"}],"predecessor-version":[{"id":6584,"href":"https:\/\/teya.com.tr\/tr\/wp-json\/wp\/v2\/pages\/6577\/revisions\/6584"}],"wp:attachment":[{"href":"https:\/\/teya.com.tr\/tr\/wp-json\/wp\/v2\/media?parent=6577"}],"curies":[{"name":"wp","href":"https:\/\/api.w.org\/{rel}","templated":true}]}}